{"id":2,"date":"2010-10-11T10:22:53","date_gmt":"2010-10-11T10:22:53","guid":{"rendered":"http:\/\/www.mikeisfree.net\/voyage\/?page_id=2"},"modified":"2010-10-22T19:20:36","modified_gmt":"2010-10-22T19:20:36","slug":"a-propos","status":"publish","type":"page","link":"http:\/\/www.mikeisfree.net\/voyage\/a-propos\/","title":{"rendered":"Partir&#8230;"},"content":{"rendered":"<p>D\u00e9but 2010, un courrier arrive nous annon\u00e7ant que les propri\u00e9taires vendent notre appartement. Il nous faudra quitter les lieux&#8230; Co\u00efncidence de calendrier, Adeline finit son contrat de travail le m\u00eame jour. Mike, fatigu\u00e9 de son travail, profite de ce hasard et prend un cong\u00e9s sabbatique d&rsquo;un an au d\u00e9part de la m\u00eame date. C&rsquo;est d\u00e9cid\u00e9, ils partiront de France pour 1an !<\/p>\n<p>Partir, c&rsquo;est pour nous l&rsquo;envie d&rsquo;aller voir comment on vit ailleurs, de rencontrer de nouvelles fa\u00e7ons d&rsquo;appr\u00e9hender son rapport au monde et pourquoi pas d\u00e9couvrir la fa\u00e7on dont nous m\u00eames avons envie de vivre. Originaires tous les deux du Nord, nous nous demandons si notre vie doit se passer l\u00e0, \u00e0 Lille, ou ailleurs; est-on chanceux d&rsquo;\u00eatre ici ? Ou alors sommes-nous en train de nous leurrer parce que nous n&rsquo;avons pas la conscience du reste du monde ? Nous esp\u00e9rons en tout cas que notre voyage, \u00e0 travers la d\u00e9couverte des autres, nous en apprendra plus sur nous-m\u00eame.<\/p>\n","protected":false},"excerpt":{"rendered":"<p>D\u00e9but 2010, un courrier arrive nous annon\u00e7ant que les propri\u00e9taires vendent notre appartement. Il nous faudra quitter les lieux&#8230; Co\u00efncidence de calendrier, Adeline finit son contrat de travail le m\u00eame jour. Mike, fatigu\u00e9 de son travail, profite de ce hasard et prend un cong\u00e9s sabbatique d&rsquo;un an au d\u00e9part de la m\u00eame date. C&rsquo;est d\u00e9cid\u00e9, [&hellip;]<\/p>\n","protected":false},"author":1,"featured_media":0,"parent":0,"menu_order":0,"comment_status":"open","ping_status":"open","template":"","meta":{"ngg_post_thumbnail":0},"_links":{"self":[{"href":"http:\/\/www.mikeisfree.net\/voyage\/wp-json\/wp\/v2\/pages\/2"}],"collection":[{"href":"http:\/\/www.mikeisfree.net\/voyage\/wp-json\/wp\/v2\/pages"}],"about":[{"href":"http:\/\/www.mikeisfree.net\/voyage\/wp-json\/wp\/v2\/types\/page"}],"author":[{"embeddable":true,"href":"http:\/\/www.mikeisfree.net\/voyage\/wp-json\/wp\/v2\/users\/1"}],"replies":[{"embeddable":true,"href":"http:\/\/www.mikeisfree.net\/voyage\/wp-json\/wp\/v2\/comments?post=2"}],"version-history":[{"count":2,"href":"http:\/\/www.mikeisfree.net\/voyage\/wp-json\/wp\/v2\/pages\/2\/revisions"}],"predecessor-version":[{"id":49,"href":"http:\/\/www.mikeisfree.net\/voyage\/wp-json\/wp\/v2\/pages\/2\/revisions\/49"}],"wp:attachment":[{"href":"http:\/\/www.mikeisfree.net\/voyage\/wp-json\/wp\/v2\/media?parent=2"}],"curies":[{"name":"wp","href":"https:\/\/api.w.org\/{rel}","templated":true}]}}